{"id":513,"date":"2025-08-06T22:09:01","date_gmt":"2025-08-06T22:09:01","guid":{"rendered":"https:\/\/cecilio.comercialcecilio.es\/?post_type=product&#038;p=513"},"modified":"2025-11-19T15:22:26","modified_gmt":"2025-11-19T15:22:26","slug":"kenbill-fm-350-hoover","status":"publish","type":"product","link":"https:\/\/www.comercialcecilio.es\/pt\/maquinaria\/kenbill-fm-350-hoover\/","title":{"rendered":"Aspirador Kenbill FM-350"},"content":{"rendered":"","protected":false},"excerpt":{"rendered":"<ul class=\"list-style\">\n<li>Motor 5 CV<\/li>\n<li>3 Sacks.<\/li>\n<li>Caudal vol\u00famico de aspira\u00e7\u00e3o 76 m3\/min<\/li>\n<li>Di\u00e2metro do ventilador 356 mm<\/li>\n<li>Di\u00e2metro do saco 500 mm<\/li>\n<li>Dimens\u00f5es do saco de filtra\u00e7\u00e3o 1200 x 500 mm<\/li>\n<li>Dimens\u00f5es do saco de recolha 1000 x 500 mm<\/li>\n<li>Dimens\u00f5es totais 2184x2355x582 mm<\/li>\n<li>Dimens\u00f5es da embalagem: 1180x860x710 mm<\/li>\n<li>Peso l\u00edquido 85 kg<\/li>\n<li>Tens\u00e3o 380 V<\/li>\n<\/ul>","protected":false},"featured_media":514,"template":"","meta":[],"product_brand":[34],"product_cat":[38,53],"product_tag":[22],"class_list":{"0":"post-513","1":"product","2":"type-product","3":"status-publish","4":"has-post-thumbnail","6":"product_brand-kenbill","7":"product_cat-aspiradores","8":"product_cat-maquinaria","9":"product_tag-madera","11":"first","12":"instock","13":"shipping-taxable","14":"purchasable","15":"product-type-simple"},"_links":{"self":[{"href":"https:\/\/www.comercialcecilio.es\/pt\/wp-json\/wp\/v2\/product\/513","targetHints":{"allow":["GET"]}}],"collection":[{"href":"https:\/\/www.comercialcecilio.es\/pt\/wp-json\/wp\/v2\/product"}],"about":[{"href":"https:\/\/www.comercialcecilio.es\/pt\/wp-json\/wp\/v2\/types\/product"}],"wp:featuredmedia":[{"embeddable":true,"href":"https:\/\/www.comercialcecilio.es\/pt\/wp-json\/wp\/v2\/media\/514"}],"wp:attachment":[{"href":"https:\/\/www.comercialcecilio.es\/pt\/wp-json\/wp\/v2\/media?parent=513"}],"wp:term":[{"taxonomy":"product_brand","embeddable":true,"href":"https:\/\/www.comercialcecilio.es\/pt\/wp-json\/wp\/v2\/product_brand?post=513"},{"taxonomy":"product_cat","embeddable":true,"href":"https:\/\/www.comercialcecilio.es\/pt\/wp-json\/wp\/v2\/product_cat?post=513"},{"taxonomy":"product_tag","embeddable":true,"href":"https:\/\/www.comercialcecilio.es\/pt\/wp-json\/wp\/v2\/product_tag?post=513"}],"curies":[{"name":"wp","href":"https:\/\/api.w.org\/{rel}","templated":true}]}}