{"id":525,"date":"2025-08-06T22:18:13","date_gmt":"2025-08-06T22:18:13","guid":{"rendered":"https:\/\/cecilio.comercialcecilio.es\/?post_type=product&#038;p=525"},"modified":"2026-04-23T14:49:03","modified_gmt":"2026-04-23T14:49:03","slug":"kenbill-fm-300-chip-hoover","status":"publish","type":"product","link":"https:\/\/www.comercialcecilio.es\/pt\/maquinaria\/kenbill-fm-300-chip-hoover\/","title":{"rendered":"Aspirador de p\u00f3 com chip Kenbill FM-300"},"content":{"rendered":"","protected":false},"excerpt":{"rendered":"<ul class=\"list-style\">\n<li>Aspirador m\u00f3vel com um saco de arruma\u00e7\u00e3o.<\/li>\n<li>Pot\u00eancia do motor principal 2hp<\/li>\n<li>2 bocais de aspira\u00e7\u00e3o com um di\u00e2metro de 100.<\/li>\n<li>Caudal vol\u00famico de aspira\u00e7\u00e3o: 42,15 m c\u00fabicos \/ min<\/li>\n<li>Di\u00e2metro do ventilador 360mm.<\/li>\n<li>Di\u00e2metro do saco de filtragem 500mm<\/li>\n<li>Di\u00e2metro do saco de armazenamento 500mm.<\/li>\n<li>Dimens\u00f5es exteriores: 1000x750x2000 mm<\/li>\n<li>Dimens\u00f5es da embalagem: 920x580x580 mm<\/li>\n<li>Peso l\u00edquido 47kg.<\/li>\n<li>Tens\u00e3o 380 v.<\/li>\n<\/ul>","protected":false},"featured_media":526,"template":"","meta":[],"product_brand":[34],"product_cat":[38,81,53],"product_tag":[22],"class_list":{"0":"post-525","1":"product","2":"type-product","3":"status-publish","4":"has-post-thumbnail","6":"product_brand-kenbill","7":"product_cat-aspiradores","8":"product_cat-aspirador-kenbill","9":"product_cat-maquinaria","10":"product_tag-madera","12":"first","13":"instock","14":"shipping-taxable","15":"purchasable","16":"product-type-simple"},"_links":{"self":[{"href":"https:\/\/www.comercialcecilio.es\/pt\/wp-json\/wp\/v2\/product\/525","targetHints":{"allow":["GET"]}}],"collection":[{"href":"https:\/\/www.comercialcecilio.es\/pt\/wp-json\/wp\/v2\/product"}],"about":[{"href":"https:\/\/www.comercialcecilio.es\/pt\/wp-json\/wp\/v2\/types\/product"}],"wp:featuredmedia":[{"embeddable":true,"href":"https:\/\/www.comercialcecilio.es\/pt\/wp-json\/wp\/v2\/media\/526"}],"wp:attachment":[{"href":"https:\/\/www.comercialcecilio.es\/pt\/wp-json\/wp\/v2\/media?parent=525"}],"wp:term":[{"taxonomy":"product_brand","embeddable":true,"href":"https:\/\/www.comercialcecilio.es\/pt\/wp-json\/wp\/v2\/product_brand?post=525"},{"taxonomy":"product_cat","embeddable":true,"href":"https:\/\/www.comercialcecilio.es\/pt\/wp-json\/wp\/v2\/product_cat?post=525"},{"taxonomy":"product_tag","embeddable":true,"href":"https:\/\/www.comercialcecilio.es\/pt\/wp-json\/wp\/v2\/product_tag?post=525"}],"curies":[{"name":"wp","href":"https:\/\/api.w.org\/{rel}","templated":true}]}}