{"id":531,"date":"2025-08-06T22:25:40","date_gmt":"2025-08-06T22:25:40","guid":{"rendered":"https:\/\/cecilio.comercialcecilio.es\/?post_type=product&#038;p=531"},"modified":"2025-11-19T15:30:37","modified_gmt":"2025-11-19T15:30:37","slug":"serra-de-mesa-deslizante-kenbill-ps-2800","status":"publish","type":"product","link":"https:\/\/www.comercialcecilio.es\/pt\/maquinaria\/serra-de-mesa-deslizante-kenbill-ps-2800\/","title":{"rendered":"M\u00e1quina de esquadria Kenbill PS-2800"},"content":{"rendered":"<p>M\u00e1quina ideal para a ind\u00fastria de m\u00e9dia e pequena dimens\u00e3o devido \u00e0 sua robustez e precis\u00e3o. Constru\u00edda e concebida para um funcionamento suave e uma precis\u00e3o consistente.<\/p>\n<p>O carrinho de alum\u00ednio com\u00a0<strong>capacidade de corte \u00fatil de 2.870 mm.<\/strong>\u00a0e a grande largura garantem uma elevada estabilidade da pe\u00e7a de trabalho e, por conseguinte, uma elevada qualidade de corte.<\/p>\n<p>A l\u00e2mina principal de \u00d835mm atinge uma espessura de corte de at\u00e9 90mm, enquanto o dispositivo de corte com motor independente evita a lascagem dos pain\u00e9is.<\/p>\n<p>Uma mesa de ferro fundido s\u00f3lida e retificada e extens\u00f5es de mesa em ambas as zonas de corte s\u00e3o padr\u00e3o.<\/p>\n<ul class=\"list-style\">\n<li><strong>Capacidade \u00fatil de corte de 2.870 mm.<\/strong><\/li>\n<li>Carrinho de alum\u00ednio anodizado 2.800 X 360 mm.<\/li>\n<li>Bandeira telesc\u00f3pica de grandes dimens\u00f5es.<\/li>\n<li>Guia milim\u00e9trica quadrada com 2 pontos de paragem<\/li>\n<li>Extens\u00e3o da mesa \u00e0 sa\u00edda<\/li>\n<li>Capacidade de 1.250 mm. em corte paralelo<\/li>\n<li>Guia de corte paralelo em ferro fundido com perfil de alum\u00ednio.<\/li>\n<li>Levantamento e abaixamento manual do disco.<\/li>\n<li>0\u00ba-45\u00ba de inclina\u00e7\u00e3o manual<\/li>\n<li>Peso 680Kg<\/li>\n<li>Regulamentos CE<\/li>\n<\/ul>","protected":false},"excerpt":{"rendered":"<p>Dispositivo de pontua\u00e7\u00e3o:<\/p>\n<ul class=\"list-style\">\n<li>Motor independente: 1 CV<\/li>\n<li>Di\u00e2metro do disco de marca\u00e7\u00e3o: 20 mm<\/li>\n<li>Di\u00e2metro do veio: 20 mm<\/li>\n<li>Velocidade de rota\u00e7\u00e3o: 8.000 R.P.M.<\/li>\n<\/ul>\n<p>Serra principal:<\/p>\n<ul class=\"list-style\">\n<li>Pot\u00eancia do motor principal: 4 CV - 220V \/ 5 CV - 380V<\/li>\n<li>Velocidade de rota\u00e7\u00e3o: 4.000 \/ 6.000 R.P.M.<\/li>\n<li>Di\u00e2metro m\u00e1ximo do disco: 305 mm<\/li>\n<li>Di\u00e2metro do veio: 30 mm<\/li>\n<li>Altura de corte a 90\u00ba: 90mm<\/li>\n<li>Altura de corte 45\u00ba: 55mm<\/li>\n<\/ul>","protected":false},"featured_media":532,"template":"","meta":[],"product_brand":[34],"product_cat":[21,53],"product_tag":[52,22],"class_list":{"0":"post-531","1":"product","2":"type-product","3":"status-publish","4":"has-post-thumbnail","6":"product_brand-kenbill","7":"product_cat-escuadradoras","8":"product_cat-maquinaria","9":"product_tag-bf","10":"product_tag-madera","12":"first","13":"instock","14":"shipping-taxable","15":"product-type-simple"},"_links":{"self":[{"href":"https:\/\/www.comercialcecilio.es\/pt\/wp-json\/wp\/v2\/product\/531","targetHints":{"allow":["GET"]}}],"collection":[{"href":"https:\/\/www.comercialcecilio.es\/pt\/wp-json\/wp\/v2\/product"}],"about":[{"href":"https:\/\/www.comercialcecilio.es\/pt\/wp-json\/wp\/v2\/types\/product"}],"wp:featuredmedia":[{"embeddable":true,"href":"https:\/\/www.comercialcecilio.es\/pt\/wp-json\/wp\/v2\/media\/532"}],"wp:attachment":[{"href":"https:\/\/www.comercialcecilio.es\/pt\/wp-json\/wp\/v2\/media?parent=531"}],"wp:term":[{"taxonomy":"product_brand","embeddable":true,"href":"https:\/\/www.comercialcecilio.es\/pt\/wp-json\/wp\/v2\/product_brand?post=531"},{"taxonomy":"product_cat","embeddable":true,"href":"https:\/\/www.comercialcecilio.es\/pt\/wp-json\/wp\/v2\/product_cat?post=531"},{"taxonomy":"product_tag","embeddable":true,"href":"https:\/\/www.comercialcecilio.es\/pt\/wp-json\/wp\/v2\/product_tag?post=531"}],"curies":[{"name":"wp","href":"https:\/\/api.w.org\/{rel}","templated":true}]}}