{"id":533,"date":"2025-08-06T22:29:05","date_gmt":"2025-08-06T22:29:05","guid":{"rendered":"https:\/\/cecilio.comercialcecilio.es\/?post_type=product&#038;p=533"},"modified":"2026-04-23T14:47:23","modified_gmt":"2026-04-23T14:47:23","slug":"serra-de-mesa-deslizante-kenbill-ps-1600","status":"publish","type":"product","link":"https:\/\/www.comercialcecilio.es\/pt\/maquinaria\/serra-de-mesa-deslizante-kenbill-ps-1600\/","title":{"rendered":"M\u00e1quina de esquadria Kenbill PS-1600"},"content":{"rendered":"<p>M\u00e1quina ideal para a pequena e m\u00e9dia ind\u00fastria devido \u00e0 sua facilidade de ajuste e tamanho reduzido.<\/p>\n<p>Uma mesa de ferro fundido s\u00f3lida e retificada e extens\u00f5es de mesa em ambas as zonas de corte s\u00e3o padr\u00e3o.<\/p>\n<p>O amplo carro de alum\u00ednio garante uma elevada estabilidade da pe\u00e7a de trabalho e, por conseguinte, uma elevada qualidade de corte.<\/p>\n<ul class=\"list-style\">\n<li>Carro de alum\u00ednio anodizado 1600 X 360 mm:\n<ul class=\"list-style\">\n<li>Bandeira telesc\u00f3pica<\/li>\n<li>Guia milim\u00e9trica quadrada com 2 pontos de paragem<\/li>\n<\/ul>\n<\/li>\n<li>Extens\u00e3o da mesa \u00e0 sa\u00edda<\/li>\n<li>Capacidade de 1.250 mm. em corte paralelo<\/li>\n<li>Guia de corte paralelo em ferro fundido com perfil de alum\u00ednio.<\/li>\n<li>Levantamento e abaixamento manual do disco.<\/li>\n<li>0\u00ba-45\u00ba de inclina\u00e7\u00e3o manual<\/li>\n<li>Regulamentos CE<\/li>\n<li>420 kg.<\/li>\n<\/ul>","protected":false},"excerpt":{"rendered":"<p><strong>Dispositivo de pontua\u00e7\u00e3o<\/strong><\/p>\n<ul class=\"list-style\">\n<li>Di\u00e2metro do disco de marca\u00e7\u00e3o: 120 mm<\/li>\n<li>Di\u00e2metro do veio: 20 mm<\/li>\n<li>Velocidade de rota\u00e7\u00e3o: 8.000 R.P.M.<\/li>\n<li>Pot\u00eancia do motor: 1HP<\/li>\n<\/ul>\n<p><strong>Serra principal<\/strong><\/p>\n<ul class=\"list-style\">\n<li>Di\u00e2metro m\u00e1ximo do disco: 300 mm<\/li>\n<li>Di\u00e2metro do veio: 30 mm<\/li>\n<li>Altura de corte 90\u00ba: 80mm<\/li>\n<li>Altura de corte 45\u00ba: 55mm<\/li>\n<li>Pot\u00eancia do motor principal: 4 CV \/ 220V.<\/li>\n<li>Velocidade de rota\u00e7\u00e3o: 4.000 e 6.000 R.P.M.<\/li>\n<\/ul>","protected":false},"featured_media":534,"template":"","meta":[],"product_brand":[34],"product_cat":[21,79,53],"product_tag":[22],"class_list":{"0":"post-533","1":"product","2":"type-product","3":"status-publish","4":"has-post-thumbnail","6":"product_brand-kenbill","7":"product_cat-escuadradoras","8":"product_cat-escuadradora-kenbill","9":"product_cat-maquinaria","10":"product_tag-madera","12":"first","13":"instock","14":"shipping-taxable","15":"purchasable","16":"product-type-simple"},"_links":{"self":[{"href":"https:\/\/www.comercialcecilio.es\/pt\/wp-json\/wp\/v2\/product\/533","targetHints":{"allow":["GET"]}}],"collection":[{"href":"https:\/\/www.comercialcecilio.es\/pt\/wp-json\/wp\/v2\/product"}],"about":[{"href":"https:\/\/www.comercialcecilio.es\/pt\/wp-json\/wp\/v2\/types\/product"}],"wp:featuredmedia":[{"embeddable":true,"href":"https:\/\/www.comercialcecilio.es\/pt\/wp-json\/wp\/v2\/media\/534"}],"wp:attachment":[{"href":"https:\/\/www.comercialcecilio.es\/pt\/wp-json\/wp\/v2\/media?parent=533"}],"wp:term":[{"taxonomy":"product_brand","embeddable":true,"href":"https:\/\/www.comercialcecilio.es\/pt\/wp-json\/wp\/v2\/product_brand?post=533"},{"taxonomy":"product_cat","embeddable":true,"href":"https:\/\/www.comercialcecilio.es\/pt\/wp-json\/wp\/v2\/product_cat?post=533"},{"taxonomy":"product_tag","embeddable":true,"href":"https:\/\/www.comercialcecilio.es\/pt\/wp-json\/wp\/v2\/product_tag?post=533"}],"curies":[{"name":"wp","href":"https:\/\/api.w.org\/{rel}","templated":true}]}}