{"id":79,"date":"2025-08-05T20:09:59","date_gmt":"2025-08-05T20:09:59","guid":{"rendered":"https:\/\/cecilio.comercialcecilio.es\/?post_type=product&#038;p=79"},"modified":"2025-11-19T15:31:00","modified_gmt":"2025-11-19T15:31:00","slug":"serra-de-mesa-deslizante-robland-z500x1","status":"publish","type":"product","link":"https:\/\/www.comercialcecilio.es\/pt\/maquinaria\/serra-de-mesa-deslizante-robland-z500x1\/","title":{"rendered":"Serra de mesa deslizante Robland Z500X1"},"content":{"rendered":"<p>A serra de mesa deslizante Robland Z-500\u00d71 apresenta uma nova unidade de serra em ferro fundido de pe\u00e7a \u00fanica para maior robustez, precis\u00e3o e estabilidade. Para uma inclina\u00e7\u00e3o eficiente, a unidade de serra gira em dois semic\u00edrculos de ferro fundido, o que garante uma longa vida \u00fatil e um movimento extremamente suave.<\/p>\n<p>O chassis robusto tem um tubo de tor\u00e7\u00e3o preenchido com bet\u00e3o para maior rigidez, para absorver as vibra\u00e7\u00f5es e para atuar como contrapeso para o carro de alum\u00ednio durante as opera\u00e7\u00f5es de corte.<\/p>\n<p>Capacidade do disco at\u00e9\u00a0<strong>500 mm de di\u00e2metro<\/strong>\u00a0 (sem serra de marcar), que fornece um\u00a0<strong>altura de corte 175 mm.<\/strong><\/p>\n<p>O carro de alum\u00ednio \u00e9 totalmente anodizado para maior durabilidade e prote\u00e7\u00e3o contra agentes externos que possam danificar o carro. O sistema de deslizamento de esferas de a\u00e7o em barras cil\u00edndricas de a\u00e7o endurecido (BOSS) com sistema de limpeza autom\u00e1tica garante um deslizamento suave.<\/p>","protected":false},"excerpt":{"rendered":"<ul class=\"list-style\">\n<li>Dimens\u00f5es do carrinho de alum\u00ednio: 200x420mm<\/li>\n<li>Dimens\u00f5es da bandeira: 505x760mm<\/li>\n<li>Dimens\u00f5es do ferro fundido: 985x710mm<\/li>\n<li>Comprimento do perfil da bandeira: 295+705mm extens.<\/li>\n<li>Di\u00e2metro da l\u00e2mina: 500x30mm<\/li>\n<li>Inclina\u00e7\u00e3o da l\u00e2mina de serra: 90\u00ba - 45\u00ba.<\/li>\n<li>Profundidade de corte: 90\u00ba - 45\u00ba 175mm \/ 122mm<\/li>\n<li>Altura m\u00e1xima de corte da l\u00e2mina 500mm: 175mm<\/li>\n<li>Pot\u00eancia do motor: 7 kW<\/li>\n<\/ul>","protected":false},"featured_media":128,"template":"","meta":[],"product_brand":[20],"product_cat":[21,53],"product_tag":[22],"class_list":{"0":"post-79","1":"product","2":"type-product","3":"status-publish","4":"has-post-thumbnail","6":"product_brand-robland","7":"product_cat-escuadradoras","8":"product_cat-maquinaria","9":"product_tag-madera","11":"first","12":"instock","13":"shipping-taxable","14":"purchasable","15":"product-type-simple"},"_links":{"self":[{"href":"https:\/\/www.comercialcecilio.es\/pt\/wp-json\/wp\/v2\/product\/79","targetHints":{"allow":["GET"]}}],"collection":[{"href":"https:\/\/www.comercialcecilio.es\/pt\/wp-json\/wp\/v2\/product"}],"about":[{"href":"https:\/\/www.comercialcecilio.es\/pt\/wp-json\/wp\/v2\/types\/product"}],"wp:featuredmedia":[{"embeddable":true,"href":"https:\/\/www.comercialcecilio.es\/pt\/wp-json\/wp\/v2\/media\/128"}],"wp:attachment":[{"href":"https:\/\/www.comercialcecilio.es\/pt\/wp-json\/wp\/v2\/media?parent=79"}],"wp:term":[{"taxonomy":"product_brand","embeddable":true,"href":"https:\/\/www.comercialcecilio.es\/pt\/wp-json\/wp\/v2\/product_brand?post=79"},{"taxonomy":"product_cat","embeddable":true,"href":"https:\/\/www.comercialcecilio.es\/pt\/wp-json\/wp\/v2\/product_cat?post=79"},{"taxonomy":"product_tag","embeddable":true,"href":"https:\/\/www.comercialcecilio.es\/pt\/wp-json\/wp\/v2\/product_tag?post=79"}],"curies":[{"name":"wp","href":"https:\/\/api.w.org\/{rel}","templated":true}]}}